{"id":7,"date":"2013-03-19T11:25:09","date_gmt":"2013-03-19T09:25:09","guid":{"rendered":"https:\/\/feriendienst-hansen.de\/wordpress_feriendienst\/?page_id=7"},"modified":"2013-04-05T21:15:46","modified_gmt":"2013-04-05T19:15:46","slug":"nordstrand","status":"publish","type":"page","link":"https:\/\/feriendienst-hansen.de\/?page_id=7","title":{"rendered":"Nordstrand"},"content":{"rendered":"<p><img decoding=\"async\" class=\"alignleft\" alt=\"\" src=\"https:\/\/feriendienst-hansen.de\/wp-content\/uploads\/2013\/03\/04.gif\" width=\"180\" height=\"120\" \/><\/p>\n<h5>Die Insel Nordstrand liegt nahe der Stadt Husum im\u00a0Norddeutschen Wattenmeer. Sie ist durch einen Autodamm mit dem Festland verbunden. Ein 28 km langer Seedeich umgibt die Insel. Zwei Sandstr\u00e4nde sind vorhanden, sowie Gr\u00fcnstr\u00e4nde mit \u00f6ffentlichen Duschen und Toiletten. Im S\u00fcderhafen liegen Sport- u. Segelboote und im zweiten Hafen, Strucklahnungsh\u00f6rn, die Fischkutter und der Seenotrettungskreuzer &#8222;Vormann Leiss&#8220;, au\u00dferdem fahren von hier die Ausflugsschiffe zu den Halligen und die F\u00e4hre nach Pellworm.<\/h5>\n<hr \/>\n<p><img decoding=\"async\" alt=\"\" src=\"https:\/\/feriendienst-hansen.de\/wp-content\/uploads\/2013\/03\/17.gif\" width=\"150\" \/> <img decoding=\"async\" alt=\"\" src=\"https:\/\/feriendienst-hansen.de\/wp-content\/uploads\/2013\/03\/18.gif\" width=\"150\" \/> <img decoding=\"async\" alt=\"\" src=\"https:\/\/feriendienst-hansen.de\/wp-content\/uploads\/2013\/03\/21.gif\" width=\"150\" \/> <img decoding=\"async\" alt=\"\" src=\"https:\/\/feriendienst-hansen.de\/wp-content\/uploads\/2013\/03\/22.gif\" width=\"150\" \/> <img decoding=\"async\" alt=\"\" src=\"https:\/\/feriendienst-hansen.de\/wp-content\/uploads\/2013\/03\/23.gif\" width=\"150\" \/> <img decoding=\"async\" alt=\"\" src=\"https:\/\/feriendienst-hansen.de\/wp-content\/uploads\/2013\/03\/26.gif\" width=\"150\" \/><\/p>\n<hr \/>\n","protected":false},"excerpt":{"rendered":"<p>Die Insel Nordstrand liegt nahe der Stadt Husum im\u00a0Norddeutschen Wattenmeer. Sie ist durch einen Autodamm mit dem Festland verbunden. Ein 28 km langer Seedeich umgibt die Insel. Zwei Sandstr\u00e4nde sind vorhanden, sowie Gr\u00fcnstr\u00e4nde mit \u00f6ffentlichen Duschen und Toiletten. Im S\u00fcderhafen liegen Sport- u. Segelboote und im zweiten Hafen, Strucklahnungsh\u00f6rn, die Fischkutter und der Seenotrettungskreuzer &#8222;Vormann [&hellip;]<\/p>\n","protected":false},"author":1,"featured_media":0,"parent":0,"menu_order":0,"comment_status":"closed","ping_status":"closed","template":"","meta":{"ngg_post_thumbnail":0,"footnotes":""},"class_list":["post-7","page","type-page","status-publish","hentry"],"_links":{"self":[{"href":"https:\/\/feriendienst-hansen.de\/index.php?rest_route=\/wp\/v2\/pages\/7","targetHints":{"allow":["GET"]}}],"collection":[{"href":"https:\/\/feriendienst-hansen.de\/index.php?rest_route=\/wp\/v2\/pages"}],"about":[{"href":"https:\/\/feriendienst-hansen.de\/index.php?rest_route=\/wp\/v2\/types\/page"}],"author":[{"embeddable":true,"href":"https:\/\/feriendienst-hansen.de\/index.php?rest_route=\/wp\/v2\/users\/1"}],"replies":[{"embeddable":true,"href":"https:\/\/feriendienst-hansen.de\/index.php?rest_route=%2Fwp%2Fv2%2Fcomments&post=7"}],"version-history":[{"count":11,"href":"https:\/\/feriendienst-hansen.de\/index.php?rest_route=\/wp\/v2\/pages\/7\/revisions"}],"predecessor-version":[{"id":248,"href":"https:\/\/feriendienst-hansen.de\/index.php?rest_route=\/wp\/v2\/pages\/7\/revisions\/248"}],"wp:attachment":[{"href":"https:\/\/feriendienst-hansen.de\/index.php?rest_route=%2Fwp%2Fv2%2Fmedia&parent=7"}],"curies":[{"name":"wp","href":"https:\/\/api.w.org\/{rel}","templated":true}]}}