{"id":5,"date":"2013-03-19T11:24:31","date_gmt":"2013-03-19T09:24:31","guid":{"rendered":"https:\/\/feriendienst-hansen.de\/wordpress_feriendienst\/?page_id=5"},"modified":"2022-02-10T12:10:32","modified_gmt":"2022-02-10T10:10:32","slug":"fahrrader","status":"publish","type":"page","link":"https:\/\/feriendienst-hansen.de\/?page_id=5","title":{"rendered":"Fahrr\u00e4der"},"content":{"rendered":"<h3><i><img decoding=\"async\" class=\"alignleft\" alt=\"\" src=\"https:\/\/feriendienst-hansen.de\/wp-content\/uploads\/2013\/03\/verleih.jpg\" width=\"180\" height=\"120\" \/><br \/>\nNordstrand k\u00f6nnen Sie am besten mit dem Fahrrad entdecken. <\/i><\/h3>\n<h5>Ein gut ausgebautes Wegenetz f\u00fchrt Sie durch Felder und Wiesen oder oben auf dem Deich entlang in kleine H\u00e4fen mit gem\u00fctlichen Gasth\u00e4usern &#8211; und immer sind Sie ganz schnell direkt am Meer. G\u00f6nnen Sie Ihrem Auto ebenso Ferien von der Arbeit wie sich selbst &#8211; steigen Sie aufs Fahrrad!<\/h5>\n<hr \/>\n<h3><i>Ist Ihr Interesse geweckt?<\/i><\/h3>\n<h5>Dann folgen Sie uns auf unsere Fahrrad-Webseite: <a href=\"https:\/\/www.uhles-fahrradverleih.de\/\" target=\"_blanc\" rel=\"noopener\"><i><b>Uhles-Fahrradverleih.de<\/b><\/i><\/a><\/h5>\n<p align=\"center\"><a href=\"https:\/\/www.uhles-fahrradverleih.de\/\" target=\"_blanc\" rel=\"noopener\"><img decoding=\"async\" alt=\"\" src=\"https:\/\/feriendienst-hansen.de\/wp-content\/uploads\/2013\/03\/uhles_verleih.png\" width=\"150\" \/><\/a><\/p>\n<hr>\n","protected":false},"excerpt":{"rendered":"<p>Nordstrand k\u00f6nnen Sie am besten mit dem Fahrrad entdecken. Ein gut ausgebautes Wegenetz f\u00fchrt Sie durch Felder und Wiesen oder oben auf dem Deich entlang in kleine H\u00e4fen mit gem\u00fctlichen Gasth\u00e4usern &#8211; und immer sind Sie ganz schnell direkt am Meer. G\u00f6nnen Sie Ihrem Auto ebenso Ferien von der Arbeit wie sich selbst &#8211; steigen [&hellip;]<\/p>\n","protected":false},"author":1,"featured_media":0,"parent":0,"menu_order":0,"comment_status":"closed","ping_status":"closed","template":"","meta":{"ngg_post_thumbnail":0,"footnotes":""},"class_list":["post-5","page","type-page","status-publish","hentry"],"_links":{"self":[{"href":"https:\/\/feriendienst-hansen.de\/index.php?rest_route=\/wp\/v2\/pages\/5","targetHints":{"allow":["GET"]}}],"collection":[{"href":"https:\/\/feriendienst-hansen.de\/index.php?rest_route=\/wp\/v2\/pages"}],"about":[{"href":"https:\/\/feriendienst-hansen.de\/index.php?rest_route=\/wp\/v2\/types\/page"}],"author":[{"embeddable":true,"href":"https:\/\/feriendienst-hansen.de\/index.php?rest_route=\/wp\/v2\/users\/1"}],"replies":[{"embeddable":true,"href":"https:\/\/feriendienst-hansen.de\/index.php?rest_route=%2Fwp%2Fv2%2Fcomments&post=5"}],"version-history":[{"count":22,"href":"https:\/\/feriendienst-hansen.de\/index.php?rest_route=\/wp\/v2\/pages\/5\/revisions"}],"predecessor-version":[{"id":688,"href":"https:\/\/feriendienst-hansen.de\/index.php?rest_route=\/wp\/v2\/pages\/5\/revisions\/688"}],"wp:attachment":[{"href":"https:\/\/feriendienst-hansen.de\/index.php?rest_route=%2Fwp%2Fv2%2Fmedia&parent=5"}],"curies":[{"name":"wp","href":"https:\/\/api.w.org\/{rel}","templated":true}]}}