{"id":4,"date":"2013-03-19T11:24:17","date_gmt":"2013-03-19T09:24:17","guid":{"rendered":"https:\/\/feriendienst-hansen.de\/wordpress_feriendienst\/?page_id=4"},"modified":"2026-01-16T15:43:51","modified_gmt":"2026-01-16T13:43:51","slug":"wohnungen","status":"publish","type":"page","link":"https:\/\/feriendienst-hansen.de\/?page_id=4","title":{"rendered":"Ferienwohnungen"},"content":{"rendered":"<h3><i><img decoding=\"async\" class=\"alignleft\" src=\"https:\/\/feriendienst-hansen.de\/wp-content\/uploads\/2013\/03\/schaf.gif\" alt=\"\" width=\"180\" height=\"240\"><\/i><i>Wir bieten Ihnen komfortable, familiengerechte Ferienwohnungen f\u00fcr 2 bis 4 Personen<\/i><\/h3>\n<h5><i>\u00dcbrigens:<\/i> Wir sehen unsere Ferienwohnungen (Muschelbank, Prielbad, Fenkenbood und Fischteich) im 3 Sterne Segment. Wir haben aber seit l\u00e4nderem an keiner Bewertungen mehr teilgenommen.<\/h5>\n<hr>\n<h5>In den Ferienwohnungen und H\u00e4usern stehen zur Benutzung eine der Terrassen im Garten, ein Spielplatz, Bettw\u00e4sche und Handt\u00fccher inkl., m\u00f6gliche Nutzung der Waschmaschine, Haustier nach Absprache, ein Parkplatz, Endreinigung ab 3 Tagen inkl., Strompreis und Pellets nach Verbrauch zur Verf\u00fcgung.<\/h5>\n<hr>\n<h3>aktuelle Preisliste der Ferienwohnungen: <a href=\"https:\/\/feriendienst-hansen.de\/wp-content\/uploads\/2024\/05\/Preisliste_2024.pdf\">Hier \u00f6ffnen<\/a><\/h3>\n<hr>\n<h2><i>Unsere Wohnungen im \u00dcberblick:<\/i><\/h2>\n<div id=\"box_2\">\n<h2>Prielbad<\/h2>\n<h5>Die Wohnung Prielbad befindet sich im Obergeschoss des Einfamilienhauses und ist geeignet f\u00fcr 4 Personen und besitzt seit 2017 einen Balkon <a href=\"https:\/\/feriendienst-hansen.de\/?page_id=24\"> &#8211; weitere Informationen&#8230;<\/a><\/h5>\n<\/div>\n<div id=\"box_2\">\n<h2>Muschelbank<\/h2>\n<h5>Die Wohnung Muschelbank befindet sich im Erdgeschoss des Einfamilienhauses und ist geeignet f\u00fcr 2 bis 4 Personen <a href=\"https:\/\/feriendienst-hansen.de\/?page_id=26\"> &#8211; weitere Informationen&#8230;<\/a><\/h5>\n<\/div>\n<hr>\n<h6>&nbsp;<\/h6>\n<hr>\n","protected":false},"excerpt":{"rendered":"<p>Wir bieten Ihnen komfortable, familiengerechte Ferienwohnungen f\u00fcr 2 bis 4 Personen \u00dcbrigens: Wir sehen unsere Ferienwohnungen (Muschelbank, Prielbad, Fenkenbood und Fischteich) im 3 Sterne Segment. Wir haben aber seit l\u00e4nderem an keiner Bewertungen mehr teilgenommen. In den Ferienwohnungen und H\u00e4usern stehen zur Benutzung eine der Terrassen im Garten, ein Spielplatz, Bettw\u00e4sche und Handt\u00fccher inkl., m\u00f6gliche [&hellip;]<\/p>\n","protected":false},"author":1,"featured_media":0,"parent":0,"menu_order":0,"comment_status":"closed","ping_status":"closed","template":"","meta":{"ngg_post_thumbnail":0,"footnotes":""},"class_list":["post-4","page","type-page","status-publish","hentry"],"_links":{"self":[{"href":"https:\/\/feriendienst-hansen.de\/index.php?rest_route=\/wp\/v2\/pages\/4","targetHints":{"allow":["GET"]}}],"collection":[{"href":"https:\/\/feriendienst-hansen.de\/index.php?rest_route=\/wp\/v2\/pages"}],"about":[{"href":"https:\/\/feriendienst-hansen.de\/index.php?rest_route=\/wp\/v2\/types\/page"}],"author":[{"embeddable":true,"href":"https:\/\/feriendienst-hansen.de\/index.php?rest_route=\/wp\/v2\/users\/1"}],"replies":[{"embeddable":true,"href":"https:\/\/feriendienst-hansen.de\/index.php?rest_route=%2Fwp%2Fv2%2Fcomments&post=4"}],"version-history":[{"count":77,"href":"https:\/\/feriendienst-hansen.de\/index.php?rest_route=\/wp\/v2\/pages\/4\/revisions"}],"predecessor-version":[{"id":1837,"href":"https:\/\/feriendienst-hansen.de\/index.php?rest_route=\/wp\/v2\/pages\/4\/revisions\/1837"}],"wp:attachment":[{"href":"https:\/\/feriendienst-hansen.de\/index.php?rest_route=%2Fwp%2Fv2%2Fmedia&parent=4"}],"curies":[{"name":"wp","href":"https:\/\/api.w.org\/{rel}","templated":true}]}}