{"id":10,"date":"2013-03-19T11:25:42","date_gmt":"2013-03-19T09:25:42","guid":{"rendered":"https:\/\/feriendienst-hansen.de\/wordpress_feriendienst\/?page_id=10"},"modified":"2026-01-19T08:43:45","modified_gmt":"2026-01-19T06:43:45","slug":"kontakt-und-anfahrt","status":"publish","type":"page","link":"https:\/\/feriendienst-hansen.de\/?page_id=10","title":{"rendered":"Kontakt"},"content":{"rendered":"<p><a href=\"https:\/\/feriendienst-hansen.de\/wp-content\/uploads\/2013\/03\/haus1.gif\"><img decoding=\"async\" class=\" wp-image-111 alignleft\" src=\"https:\/\/feriendienst-hansen.de\/wp-content\/uploads\/2013\/03\/haus1.gif\" alt=\"haus\" width=\"277\" height=\"174\"><\/a><\/p>\n<h5>Susanne Hansen<br \/>\nOsterdeich 28<br \/>\n25845 Nordstrand<br \/>\nTelefon: <a href=\"tel: 04842219\">04842 \/ 219<\/a><br \/>\nE-Mail: <a href=\"mailto:olaf.hansen@feriendienst-hansen.de\">olaf.hansen@feriendienst-hansen.de<\/a><\/h5>\n<hr>\n<h5>Hier k\u00f6nnen Sie die Anfahrtsbeschreibung herunterladen: <a href=\"https:\/\/feriendienst-hansen.de\/wp-content\/uploads\/2020\/08\/anfahrt.pdf\" target=\"_blanc\">Hier \u00f6ffnen<\/a><\/h5>\n<hr>\n<h3>Anfahrt mit der Bahn<\/h3>\n<h5>Ab Hamburg-Altona mit dem Regionalexpress (wahlweise auch Regionalbahn oder Intercity) Richtung Westerland\/Sylt bis Husum Hier holen wir Sie gern nach Vereinbarung mit unserem Mietwagen ab<\/h5>\n<hr>\n<h3>Anfahrt mit dem Auto<\/h3>\n<h5>\u00dcber die A23 Richtung Heide: Ab Heide automatisch B5 Richtung Husum und Nieb\u00fcll Ab Husum weiter B5 Richtung Nieb\u00fcll<\/h5>\n<hr>\n<h5>\u00dcber die A7 Richtung Flensburg: Autobahnabfahrt Schuby, B201 Richtung Husum Vor Husum auf die B5 Richtung Nieb\u00fcll<\/h5>\n<hr>\n<h5>Nach ca. 7km am Ende des Ortes Hattstedt links ab Richtung Nordstrand. Nach ca. 5km rechts ab auf den Nordstrander Damm nach Nordstrand. Nach ca. 12km nach der zweiten Kreuzung links ab auf den Osterdeich. Nach ca. 300m sind Sie bei uns.<\/h5>\n<hr>\n","protected":false},"excerpt":{"rendered":"<p>Susanne Hansen Osterdeich 28 25845 Nordstrand Telefon: 04842 \/ 219 E-Mail: olaf.hansen@feriendienst-hansen.de Hier k\u00f6nnen Sie die Anfahrtsbeschreibung herunterladen: Hier \u00f6ffnen Anfahrt mit der Bahn Ab Hamburg-Altona mit dem Regionalexpress (wahlweise auch Regionalbahn oder Intercity) Richtung Westerland\/Sylt bis Husum Hier holen wir Sie gern nach Vereinbarung mit unserem Mietwagen ab Anfahrt mit dem Auto \u00dcber die [&hellip;]<\/p>\n","protected":false},"author":1,"featured_media":0,"parent":0,"menu_order":0,"comment_status":"closed","ping_status":"closed","template":"","meta":{"ngg_post_thumbnail":0,"footnotes":""},"class_list":["post-10","page","type-page","status-publish","hentry"],"_links":{"self":[{"href":"https:\/\/feriendienst-hansen.de\/index.php?rest_route=\/wp\/v2\/pages\/10","targetHints":{"allow":["GET"]}}],"collection":[{"href":"https:\/\/feriendienst-hansen.de\/index.php?rest_route=\/wp\/v2\/pages"}],"about":[{"href":"https:\/\/feriendienst-hansen.de\/index.php?rest_route=\/wp\/v2\/types\/page"}],"author":[{"embeddable":true,"href":"https:\/\/feriendienst-hansen.de\/index.php?rest_route=\/wp\/v2\/users\/1"}],"replies":[{"embeddable":true,"href":"https:\/\/feriendienst-hansen.de\/index.php?rest_route=%2Fwp%2Fv2%2Fcomments&post=10"}],"version-history":[{"count":30,"href":"https:\/\/feriendienst-hansen.de\/index.php?rest_route=\/wp\/v2\/pages\/10\/revisions"}],"predecessor-version":[{"id":1842,"href":"https:\/\/feriendienst-hansen.de\/index.php?rest_route=\/wp\/v2\/pages\/10\/revisions\/1842"}],"wp:attachment":[{"href":"https:\/\/feriendienst-hansen.de\/index.php?rest_route=%2Fwp%2Fv2%2Fmedia&parent=10"}],"curies":[{"name":"wp","href":"https:\/\/api.w.org\/{rel}","templated":true}]}}